{"id":190,"date":"2020-09-29T09:29:45","date_gmt":"2020-09-29T07:29:45","guid":{"rendered":"http:\/\/localhost\/nastja\/?page_id=190"},"modified":"2020-10-12T19:02:06","modified_gmt":"2020-10-12T17:02:06","slug":"moj-zivotny-pribeh","status":"publish","type":"page","link":"https:\/\/www.anastasiakuzmina.com\/?page_id=190","title":{"rendered":"M\u00f4j \u017eivotn\u00fd pr\u00edbeh"},"content":{"rendered":"\n<div class=\"wp-block-group\"><div class=\"wp-block-group__inner-container\"><\/div><\/div>\n\n\n\n<div class=\"wp-block-media-text is-vertically-aligned-top is-image-fill\" style=\"grid-template-columns:27% auto\"><figure class=\"wp-block-media-text__media\" style=\"background-image:url(http:\/\/www.anastasiakuzmina.com\/wp-content\/uploads\/2020\/10\/DSC8526-1-1-e1602333838661-353x1024.png);background-position:52% 10%\"><img loading=\"lazy\" width=\"353\" height=\"1024\" src=\"http:\/\/www.anastasiakuzmina.com\/wp-content\/uploads\/2020\/10\/DSC8526-1-1-e1602333838661-353x1024.png\" alt=\"\" class=\"wp-image-422\" srcset=\"https:\/\/www.anastasiakuzmina.com\/wp-content\/uploads\/2020\/10\/DSC8526-1-1-e1602333838661-353x1024.png 353w, https:\/\/www.anastasiakuzmina.com\/wp-content\/uploads\/2020\/10\/DSC8526-1-1-e1602333838661-103x300.png 103w, https:\/\/www.anastasiakuzmina.com\/wp-content\/uploads\/2020\/10\/DSC8526-1-1-e1602333838661-768x2226.png 768w, https:\/\/www.anastasiakuzmina.com\/wp-content\/uploads\/2020\/10\/DSC8526-1-1-e1602333838661-530x1536.png 530w, https:\/\/www.anastasiakuzmina.com\/wp-content\/uploads\/2020\/10\/DSC8526-1-1-e1602333838661-706x2048.png 706w, https:\/\/www.anastasiakuzmina.com\/wp-content\/uploads\/2020\/10\/DSC8526-1-1-e1602333838661.png 1108w\" sizes=\"(max-width: 353px) 100vw, 353px\" \/><\/figure><div class=\"wp-block-media-text__content\">\n<p class=\"has-text-align-left\">Narodila som sa v ruskom \u0164umeni. Od mali\u010dka som bola veden\u00e1 rodi\u010dmi k \u0161portu a svoju \u0161portov\u00fa kari\u00e9ru som za\u010dala v be\u017eeckom ly\u017eovan\u00ed. K biatlonu som sa dostala v 15tich rokoch. Do roku 2006 som reprezentovala Rusk\u00fa feder\u00e1ciu na svetov\u00fdch poh\u00e1roch v biatlone a mala medailov\u00e9 \u00faspechy v dorasteneck\u00fdch a aj juniorsk\u00fdch kateg\u00f3ri\u00e1ch (2002-2005) pod rodn\u00fdm menom ako \u0160ipulina. Vy\u0161tudovala som na pr\u00e1vnickom in\u0161tit\u00fate Ministerstva vn\u00fatra v ruskom \u0164umeni. A medzi moje z\u00e1\u013euby patr\u00ed varenie, kvety, hudba a hlavne rodina.<\/p>\n\n\n\n<p class=\"has-text-align-left\">V decembri roku 2007 som sa man\u017eelom a synom pres\u0165ahovala na Slovensko. O rok nesk\u00f4r v decembri 2008 za\u010dala reprezentova\u0165 Slovensku republiku a u\u017e v roku 2009 z\u00edskala na Majstrovstv\u00e1ch sveta v k\u00f3rejskom Pyeongchangu strieborn\u00fa medailu pre Slovensko. Op\u00e4tovn\u00fd zisk medaile z Majstrovstiev sveta som si zopakovala v roku 2011, kde som v ruskom Chanty Mansiysk vybojovala bronzov\u00fa medailu. Od roku 2009 som \u010dlenkou vojensk\u00e9ho \u0161portov\u00e9ho centra Bansk\u00e1 Bystrica. Som \u00fa\u010dastn\u00ed\u010dka troch zimn\u00fdch olympijsk\u00fdch hier Vancouver 2010, Sochi 2014 a Pyeong Chang 2018. Na prv\u00fdch ZOH som z\u00edskala pre Slovensko zlat\u00fa a strieborn\u00fa olympijsk\u00fa medailu. Na druh\u00fdch ZOH obh\u00e1jila zlat\u00fa medailu z r\u00fdchlostn\u00fdch pretekov a stala sa doteraz jedinou \u0161portovky\u0148ou, ktor\u00e1 to v biatlone dok\u00e1zala. Tretie a z\u00e1rove\u0148 posledn\u00e9 olympijsk\u00fd hry v Pyeong Changu boli moje naj\u00faspe\u0161nej\u0161ie, tu som dok\u00e1zala vybojova\u0165 zlat\u00fa medailu v pretekoch s hromadn\u00fdm \u0161tartom a dve strieborn\u00e9 medaily v st\u00edhac\u00edch a vytrvalostn\u00fdch pretekoch. V roku 2019 na Majstrovstv\u00e1ch sveta vo \u0161v\u00e9dskom \u00d6stersunde som vybojovala do svojej zbierky \u00faspechov zlat\u00fa medailu v r\u00fdchlostn\u00fdch pretekoch, \u010d\u00edm som z\u00edskala celkov\u00fa zbierku medail\u00ed z majstrovstiev sveta a splnila si svoje vyt\u00fd\u010den\u00e9 ciele.<\/p>\n\n\n\n<p class=\"has-text-align-left\">Okrem toho som dr\u017eite\u013ekou ocenenia Slovenka roka 2010, \u0160portovec roka 2010 a 2014, 2018 a za rok 2014 som z\u00edskala ocenenie Kri\u0161\u0165\u00e1\u013eov\u00e9 kr\u00eddlo v kateg\u00f3ri\u00ed \u0160port. Som tv\u00e1rou mnoh\u00fdch projektov organizovan\u00fdch Slovensk\u00fdm olympijsk\u00fdm a \u0161portov\u00fdm v\u00fdborom a podporujem charitat\u00edvne akcie. Venujem sa aj podpore \u0161portovej ml\u00e1de\u017ee, zalo\u017eila som ob\u010dianske zdru\u017eenie <a href=\"http:\/\/www.anastasiakuzmina.com\/?page_id=105\">#KuzminaTeam<\/a>, ktor\u00e9 je moment\u00e1lne zapojen\u00e9 do projektu <a href=\"http:\/\/www.anastasiakuzmina.com\/?page_id=197\">@KuzminaJuniorProject<\/a>. Sna\u017e\u00edm sa aj touto cestou o zlep\u0161enie podmienok v\u00fdchovy mlad\u00fdch \u0161portovcov. Som spoluorganiz\u00e1torkou podujatia Nas\u0165a var\u00ed bor\u0161\u010d, kde v\u00fd\u0165a\u017eok z akcie ide pre organiz\u00e1ciu Svetielko n\u00e1deje. V s\u00fa\u010dasnosti som zamestnanky\u0148ou V\u0160C DUKLA Banska Bystrica na oddelen\u00ed marketingu a komunik\u00e1cie.<\/p>\n<\/div><\/div>\n","protected":false},"excerpt":{"rendered":"<p>Narodila som sa v ruskom \u0164umeni. Od mali\u010dka som bola veden\u00e1 rodi\u010dmi k \u0161portu a svoju \u0161portov\u00fa kari\u00e9ru som za\u010dala&hellip;<\/p>\n","protected":false},"author":1,"featured_media":0,"parent":2,"menu_order":0,"comment_status":"closed","ping_status":"closed","template":"","meta":[],"_links":{"self":[{"href":"https:\/\/www.anastasiakuzmina.com\/index.php?rest_route=\/wp\/v2\/pages\/190"}],"collection":[{"href":"https:\/\/www.anastasiakuzmina.com\/index.php?rest_route=\/wp\/v2\/pages"}],"about":[{"href":"https:\/\/www.anastasiakuzmina.com\/index.php?rest_route=\/wp\/v2\/types\/page"}],"author":[{"embeddable":true,"href":"https:\/\/www.anastasiakuzmina.com\/index.php?rest_route=\/wp\/v2\/users\/1"}],"replies":[{"embeddable":true,"href":"https:\/\/www.anastasiakuzmina.com\/index.php?rest_route=%2Fwp%2Fv2%2Fcomments&post=190"}],"version-history":[{"count":46,"href":"https:\/\/www.anastasiakuzmina.com\/index.php?rest_route=\/wp\/v2\/pages\/190\/revisions"}],"predecessor-version":[{"id":556,"href":"https:\/\/www.anastasiakuzmina.com\/index.php?rest_route=\/wp\/v2\/pages\/190\/revisions\/556"}],"up":[{"embeddable":true,"href":"https:\/\/www.anastasiakuzmina.com\/index.php?rest_route=\/wp\/v2\/pages\/2"}],"wp:attachment":[{"href":"https:\/\/www.anastasiakuzmina.com\/index.php?rest_route=%2Fwp%2Fv2%2Fmedia&parent=190"}],"curies":[{"name":"wp","href":"https:\/\/api.w.org\/{rel}","templated":true}]}}