{"id":199,"date":"2020-09-29T09:43:20","date_gmt":"2020-09-29T07:43:20","guid":{"rendered":"http:\/\/localhost\/nastja\/?page_id=199"},"modified":"2026-02-23T20:35:29","modified_gmt":"2026-02-23T19:35:29","slug":"stanovy-oz","status":"publish","type":"page","link":"https:\/\/www.anastasiakuzmina.com\/?page_id=199","title":{"rendered":"Dokumenty"},"content":{"rendered":"\n<p><\/p>\n\n\n\n<div class=\"wp-block-file aligncenter\"><a href=\"http:\/\/www.anastasiakuzmina.com\/wp-content\/uploads\/2020\/10\/Stanovy.pdf\">Stanovy Ob\u010dianskeho zdru\u017eenia<\/a><a href=\"http:\/\/www.anastasiakuzmina.com\/wp-content\/uploads\/2020\/10\/Stanovy.pdf\" class=\"wp-block-file__button\" download>Stiahnu\u0165<\/a><\/div>\n\n\n\n<div style=\"height:37px\" aria-hidden=\"true\" class=\"wp-block-spacer\"><\/div>\n\n\n\n<div class=\"wp-block-file aligncenter\"><a href=\"http:\/\/www.anastasiakuzmina.com\/wp-content\/uploads\/2020\/10\/zasady-spracovania-GDPR.pdf\">Z\u00e1sady spracovania osobn\u00fdch \u00fadajov<\/a><a href=\"http:\/\/www.anastasiakuzmina.com\/wp-content\/uploads\/2020\/10\/zasady-spracovania-GDPR.pdf\" class=\"wp-block-file__button\" download>Stiahnu\u0165<\/a><\/div>\n\n\n\n<div style=\"height:37px\" aria-hidden=\"true\" class=\"wp-block-spacer\"><\/div>\n\n\n\n<div class=\"wp-block-file aligncenter\"><a href=\"http:\/\/www.anastasiakuzmina.com\/wp-content\/uploads\/2020\/10\/suhlas.docx\">S\u00fahlas so sprac\u00favan\u00edm osobn\u00fdch \u00fadajov<\/a><a href=\"http:\/\/www.anastasiakuzmina.com\/wp-content\/uploads\/2020\/10\/suhlas.docx\" class=\"wp-block-file__button\" download>Stiahnu\u0165<\/a><\/div>\n\n\n\n<div style=\"height:37px\" aria-hidden=\"true\" class=\"wp-block-spacer\"><\/div>\n\n\n\n<div class=\"wp-block-file aligncenter\"><a href=\"http:\/\/www.anastasiakuzmina.com\/wp-content\/uploads\/2026\/02\/vyhlasenie-2025.pdf\">Vyhl\u00e1senie-2025<\/a><a href=\"http:\/\/www.anastasiakuzmina.com\/wp-content\/uploads\/2026\/02\/vyhlasenie-2025.pdf\" class=\"wp-block-file__button\" download>Stiahnu\u0165<\/a><\/div>\n","protected":false},"excerpt":{"rendered":"","protected":false},"author":1,"featured_media":0,"parent":105,"menu_order":0,"comment_status":"closed","ping_status":"closed","template":"","meta":[],"_links":{"self":[{"href":"https:\/\/www.anastasiakuzmina.com\/index.php?rest_route=\/wp\/v2\/pages\/199"}],"collection":[{"href":"https:\/\/www.anastasiakuzmina.com\/index.php?rest_route=\/wp\/v2\/pages"}],"about":[{"href":"https:\/\/www.anastasiakuzmina.com\/index.php?rest_route=\/wp\/v2\/types\/page"}],"author":[{"embeddable":true,"href":"https:\/\/www.anastasiakuzmina.com\/index.php?rest_route=\/wp\/v2\/users\/1"}],"replies":[{"embeddable":true,"href":"https:\/\/www.anastasiakuzmina.com\/index.php?rest_route=%2Fwp%2Fv2%2Fcomments&post=199"}],"version-history":[{"count":22,"href":"https:\/\/www.anastasiakuzmina.com\/index.php?rest_route=\/wp\/v2\/pages\/199\/revisions"}],"predecessor-version":[{"id":656,"href":"https:\/\/www.anastasiakuzmina.com\/index.php?rest_route=\/wp\/v2\/pages\/199\/revisions\/656"}],"up":[{"embeddable":true,"href":"https:\/\/www.anastasiakuzmina.com\/index.php?rest_route=\/wp\/v2\/pages\/105"}],"wp:attachment":[{"href":"https:\/\/www.anastasiakuzmina.com\/index.php?rest_route=%2Fwp%2Fv2%2Fmedia&parent=199"}],"curies":[{"name":"wp","href":"https:\/\/api.w.org\/{rel}","templated":true}]}}