{"id":2,"date":"2020-09-12T22:03:28","date_gmt":"2020-09-12T20:03:28","guid":{"rendered":"http:\/\/localhost\/nastja\/?page_id=2"},"modified":"2020-11-25T10:43:14","modified_gmt":"2020-11-25T09:43:14","slug":"o-mne","status":"publish","type":"page","link":"https:\/\/www.anastasiakuzmina.com\/","title":{"rendered":"O mne"},"content":{"rendered":"\n<h3>ANASTASIA KUZMINA<\/h3>\n\n\n\n<p><\/p>\n\n\n\n<p>Je zara\u010fovan\u00e1 medzi najv\u00e4\u010d\u0161ie osobnosti \u0161portovej hist\u00f3rie biatlonu vo svete i na Slovensku. Je trojn\u00e1sobnou olympijskou v\u00ed\u0165azkou v biatlone zo ZOH Vancouver 2010, So\u010di 2014, Pyeongchang 2018 a dr\u017eite\u013ekou troch strieborn\u00fdch medail\u00ed zo ZOH Vancouver 2010 (1) a Pyeongchang 2018 (2).&nbsp; Ako jedin\u00e1 biatlonista\/biatlonistka v hist\u00f3ri\u00ed vybojovala individu\u00e1lne zlato na troch ZOH za sebou.<\/p>\n\n\n\n<p>Dr\u017eite\u013eka kompletnej zbierky medail\u00ed z Majstrovstiev sveta v biatlone: Pyeongchang 2009 \u2013 striebro, Chanty-Mansyisk 2011- bronz, \u00d6stersund 2019 \u2013 zlato. V r\u00e1mci pretekov Svetov\u00e9ho poh\u00e1ra v sez\u00f3nach 2017-2018 a 2018-2019 z\u00edskala tri mal\u00e9 gl\u00f3busy.<\/p>\n\n\n\n<hr class=\"wp-block-separator is-style-wide\"\/>\n\n\n\n<p><\/p>\n\n\n\n<div class=\"wp-block-buttons aligncenter\">\n<div class=\"wp-block-button is-style-outline\"><a class=\"wp-block-button__link no-border-radius\" href=\"http:\/\/www.anastasiakuzmina.com\/?page_id=187\">\u0160portov\u00e9 \u00faspechy<\/a><\/div>\n\n\n\n<div class=\"wp-block-button is-style-outline\"><a class=\"wp-block-button__link no-border-radius\" href=\"http:\/\/www.anastasiakuzmina.com\/?page_id=190\">M\u00f4j \u017eivotn\u00fd pr\u00edbeh<\/a><\/div>\n<\/div>\n\n\n\n<div class=\"wp-block-group\"><div class=\"wp-block-group__inner-container\">\r\n<div id=\"sb_instagram\" class=\"sbi sbi_col_4  sbi_width_resp\" style=\"padding-bottom: 10px;width: 100%;\" data-feedid=\"sbi_nastja.kuzminova#8\" data-res=\"auto\" data-cols=\"4\" data-num=\"8\" data-shortcode-atts=\"{}\" >\r\n\t\r\n    <div id=\"sbi_images\" style=\"padding: 5px;\">\r\n\t\t    <\/div>\r\n\r\n\t<div id=\"sbi_load\">\r\n\r\n\t\r\n\t    <span class=\"sbi_follow_btn\">\r\n        <a href=\"https:\/\/www.instagram.com\/nastja.kuzminova\/\"  target=\"_blank\" rel=\"noopener nofollow\"><svg class=\"svg-inline--fa fa-instagram fa-w-14\" aria-hidden=\"true\" data-fa-processed=\"\" aria-label=\"Instagram\" data-prefix=\"fab\" data-icon=\"instagram\" role=\"img\" viewBox=\"0 0 448 512\">\r\n\t                <path fill=\"currentColor\" d=\"M224.1 141c-63.6 0-114.9 51.3-114.9 114.9s51.3 114.9 114.9 114.9S339 319.5 339 255.9 287.7 141 224.1 141zm0 189.6c-41.1 0-74.7-33.5-74.7-74.7s33.5-74.7 74.7-74.7 74.7 33.5 74.7 74.7-33.6 74.7-74.7 74.7zm146.4-194.3c0 14.9-12 26.8-26.8 26.8-14.9 0-26.8-12-26.8-26.8s12-26.8 26.8-26.8 26.8 12 26.8 26.8zm76.1 27.2c-1.7-35.9-9.9-67.7-36.2-93.9-26.2-26.2-58-34.4-93.9-36.2-37-2.1-147.9-2.1-184.9 0-35.8 1.7-67.6 9.9-93.9 36.1s-34.4 58-36.2 93.9c-2.1 37-2.1 147.9 0 184.9 1.7 35.9 9.9 67.7 36.2 93.9s58 34.4 93.9 36.2c37 2.1 147.9 2.1 184.9 0 35.9-1.7 67.7-9.9 93.9-36.2 26.2-26.2 34.4-58 36.2-93.9 2.1-37 2.1-147.8 0-184.8zM398.8 388c-7.8 19.6-22.9 34.7-42.6 42.6-29.5 11.7-99.5 9-132.1 9s-102.7 2.6-132.1-9c-19.6-7.8-34.7-22.9-42.6-42.6-11.7-29.5-9-99.5-9-132.1s-2.6-102.7 9-132.1c7.8-19.6 22.9-34.7 42.6-42.6 29.5-11.7 99.5-9 132.1-9s102.7-2.6 132.1 9c19.6 7.8 34.7 22.9 42.6 42.6 11.7 29.5 9 99.5 9 132.1s2.7 102.7-9 132.1z\"><\/path>\r\n\t            <\/svg>Follow on Instagram<\/a>\r\n    <\/span>\r\n\t\r\n<\/div>\r\n\t    <span class=\"sbi_resized_image_data\" data-feed-id=\"sbi_nastja.kuzminova#8\" data-resized=\"[]\">\r\n\t<\/span>\r\n\t        <div id=\"sbi_mod_error\">\r\n            <span>This error message is only visible to WordPress admins<\/span><br \/>\r\n        <p><b>Error: No posts found.<\/b><p>Make sure this account has posts available on instagram.com.<\/p>        <\/div>\r\n        <\/div>\r\n\r\n<\/div><\/div>\n\n\n\n<div style=\"height:100px\" aria-hidden=\"true\" class=\"wp-block-spacer\"><\/div>\n\n\n\n<figure class=\"wp-block-image alignwide size-large\"><a href=\"https:\/\/www.facebook.com\/Anastasia-Kuzmina-57001535740\"><img loading=\"lazy\" width=\"928\" height=\"483\" src=\"http:\/\/www.anastasiakuzmina.com\/wp-content\/uploads\/2020\/11\/123.png\" alt=\"\" class=\"wp-image-588\" srcset=\"https:\/\/www.anastasiakuzmina.com\/wp-content\/uploads\/2020\/11\/123.png 928w, https:\/\/www.anastasiakuzmina.com\/wp-content\/uploads\/2020\/11\/123-300x156.png 300w, https:\/\/www.anastasiakuzmina.com\/wp-content\/uploads\/2020\/11\/123-768x400.png 768w\" sizes=\"(max-width: 928px) 100vw, 928px\" \/><\/a><\/figure>\n","protected":false},"excerpt":{"rendered":"<p>ANASTASIA KUZMINA Je zara\u010fovan\u00e1 medzi najv\u00e4\u010d\u0161ie osobnosti \u0161portovej hist\u00f3rie biatlonu vo svete i na Slovensku. Je trojn\u00e1sobnou olympijskou v\u00ed\u0165azkou v&hellip;<\/p>\n","protected":false},"author":1,"featured_media":0,"parent":0,"menu_order":0,"comment_status":"closed","ping_status":"closed","template":"","meta":[],"_links":{"self":[{"href":"https:\/\/www.anastasiakuzmina.com\/index.php?rest_route=\/wp\/v2\/pages\/2"}],"collection":[{"href":"https:\/\/www.anastasiakuzmina.com\/index.php?rest_route=\/wp\/v2\/pages"}],"about":[{"href":"https:\/\/www.anastasiakuzmina.com\/index.php?rest_route=\/wp\/v2\/types\/page"}],"author":[{"embeddable":true,"href":"https:\/\/www.anastasiakuzmina.com\/index.php?rest_route=\/wp\/v2\/users\/1"}],"replies":[{"embeddable":true,"href":"https:\/\/www.anastasiakuzmina.com\/index.php?rest_route=%2Fwp%2Fv2%2Fcomments&post=2"}],"version-history":[{"count":41,"href":"https:\/\/www.anastasiakuzmina.com\/index.php?rest_route=\/wp\/v2\/pages\/2\/revisions"}],"predecessor-version":[{"id":596,"href":"https:\/\/www.anastasiakuzmina.com\/index.php?rest_route=\/wp\/v2\/pages\/2\/revisions\/596"}],"wp:attachment":[{"href":"https:\/\/www.anastasiakuzmina.com\/index.php?rest_route=%2Fwp%2Fv2%2Fmedia&parent=2"}],"curies":[{"name":"wp","href":"https:\/\/api.w.org\/{rel}","templated":true}]}}