{"id":34,"date":"2020-09-14T21:51:14","date_gmt":"2020-09-14T19:51:14","guid":{"rendered":"http:\/\/localhost\/nastja\/?page_id=34"},"modified":"2024-07-26T13:26:32","modified_gmt":"2024-07-26T11:26:32","slug":"partneri","status":"publish","type":"page","link":"https:\/\/www.anastasiakuzmina.com\/?page_id=34","title":{"rendered":"Partneri"},"content":{"rendered":"\n<div class=\"wp-block-group\"><div class=\"wp-block-group__inner-container\">\n<div class=\"wp-block-group\"><div class=\"wp-block-group__inner-container\">\n<div class=\"wp-block-group\"><div class=\"wp-block-group__inner-container\">\n<p>\u010eakujem mojim partnerom :<\/p>\n<\/div><\/div>\n<\/div><\/div>\n\n\n\n<p><\/p>\n<\/div><\/div>\n\n\n\n<div style=\"height:20px\" aria-hidden=\"true\" class=\"wp-block-spacer\"><\/div>\n\n\n\n<hr class=\"wp-block-separator has-text-color has-background is-style-wide\" style=\"background-color:#212121;color:#212121\"\/>\n\n\n\n<div class=\"wp-block-media-text alignwide is-vertically-aligned-center\" style=\"grid-template-columns:15% auto\"><figure class=\"wp-block-media-text__media\"><img loading=\"lazy\" width=\"862\" height=\"439\" src=\"http:\/\/www.anastasiakuzmina.com\/wp-content\/uploads\/2020\/09\/453-logo-vermont-v1-barva-black.png\" alt=\"\" class=\"wp-image-24\" srcset=\"https:\/\/www.anastasiakuzmina.com\/wp-content\/uploads\/2020\/09\/453-logo-vermont-v1-barva-black.png 862w, https:\/\/www.anastasiakuzmina.com\/wp-content\/uploads\/2020\/09\/453-logo-vermont-v1-barva-black-300x153.png 300w, https:\/\/www.anastasiakuzmina.com\/wp-content\/uploads\/2020\/09\/453-logo-vermont-v1-barva-black-768x391.png 768w\" sizes=\"(max-width: 862px) 100vw, 862px\" \/><\/figure><div class=\"wp-block-media-text__content\">\n<p class=\"has-normal-font-size\">VERMONT \u2013 z\u00e1stupce pr\u00e9miov\u00fdch m\u00f3dn\u00edch zna\u010dek na \u010desk\u00e9m, slovensk\u00e9m a ma\u010farsk\u00e9m trhu.<br><strong><a href=\"https:\/\/www.vermont.cz\/\">https:\/\/www.vermont.cz<\/a><\/strong><br><strong><a href=\"https:\/\/www.gant.cz\/\">https:\/\/www.gant.cz<\/a><\/strong><br><\/p>\n<\/div><\/div>\n\n\n\n<hr class=\"wp-block-separator has-text-color has-background is-style-wide\" style=\"background-color:#212121;color:#212121\"\/>\n\n\n\n<div class=\"wp-block-media-text alignwide is-vertically-aligned-center\" style=\"grid-template-columns:15% auto\"><figure class=\"wp-block-media-text__media\"><img loading=\"lazy\" width=\"1024\" height=\"310\" src=\"http:\/\/www.anastasiakuzmina.com\/wp-content\/uploads\/2020\/09\/kisspng-viessmann-boiler-logo-business-central-heating-modern-heizen-photovoltaikanlage-und-warmepumpe-5b66d12c67e2a5.8926195115334648764255-e1602328208572-1024x310.png\" alt=\"\" class=\"wp-image-26\" srcset=\"https:\/\/www.anastasiakuzmina.com\/wp-content\/uploads\/2020\/09\/kisspng-viessmann-boiler-logo-business-central-heating-modern-heizen-photovoltaikanlage-und-warmepumpe-5b66d12c67e2a5.8926195115334648764255-e1602328208572-1024x310.png 1024w, https:\/\/www.anastasiakuzmina.com\/wp-content\/uploads\/2020\/09\/kisspng-viessmann-boiler-logo-business-central-heating-modern-heizen-photovoltaikanlage-und-warmepumpe-5b66d12c67e2a5.8926195115334648764255-e1602328208572-300x91.png 300w, https:\/\/www.anastasiakuzmina.com\/wp-content\/uploads\/2020\/09\/kisspng-viessmann-boiler-logo-business-central-heating-modern-heizen-photovoltaikanlage-und-warmepumpe-5b66d12c67e2a5.8926195115334648764255-e1602328208572-768x232.png 768w, https:\/\/www.anastasiakuzmina.com\/wp-content\/uploads\/2020\/09\/kisspng-viessmann-boiler-logo-business-central-heating-modern-heizen-photovoltaikanlage-und-warmepumpe-5b66d12c67e2a5.8926195115334648764255-e1602328208572-1536x465.png 1536w, https:\/\/www.anastasiakuzmina.com\/wp-content\/uploads\/2020\/09\/kisspng-viessmann-boiler-logo-business-central-heating-modern-heizen-photovoltaikanlage-und-warmepumpe-5b66d12c67e2a5.8926195115334648764255-e1602328208572.png 1600w\" sizes=\"(max-width: 1024px) 100vw, 1024px\" \/><\/figure><div class=\"wp-block-media-text__content\">\n<p class=\"has-normal-font-size\">Viessmann Group medzin\u00e1rodn\u00fd v\u00fdrobca vykurovac\u00edch, priemyseln\u00fdch a chladiacich syst\u00e9mov.<br><strong><a href=\"https:\/\/www.viessmann.sk\">https:\/\/www.viessmann.sk<\/a><\/strong><\/p>\n<\/div><\/div>\n\n\n\n<hr class=\"wp-block-separator has-text-color has-background is-style-wide\" style=\"background-color:#212121;color:#212121\"\/>\n\n\n\n<div class=\"wp-block-media-text alignwide is-vertically-aligned-center\" style=\"grid-template-columns:15% auto\"><figure class=\"wp-block-media-text__media\"><img loading=\"lazy\" width=\"266\" height=\"65\" src=\"http:\/\/www.anastasiakuzmina.com\/wp-content\/uploads\/2020\/09\/logo-2-e1602328803108.png\" alt=\"\" class=\"wp-image-43\"\/><\/figure><div class=\"wp-block-media-text__content\">\n<p class=\"has-normal-font-size\">AUTONOVO, a. s. Predaj vozidiel VW, Audi, \u0160koda, Seat.<br><strong><a href=\"http:\/\/autonovo.sk\">http:\/\/www.autonovo.sk<\/a><\/strong><\/p>\n<\/div><\/div>\n\n\n\n<hr class=\"wp-block-separator has-text-color has-background is-style-wide\" style=\"background-color:#212121;color:#212121\"\/>\n\n\n\n<div class=\"wp-block-media-text alignwide is-vertically-aligned-center\" style=\"grid-template-columns:15% auto\"><figure class=\"wp-block-media-text__media\"><img loading=\"lazy\" width=\"1024\" height=\"188\" src=\"http:\/\/www.anastasiakuzmina.com\/wp-content\/uploads\/2020\/09\/FischerLogo-e1602328946311-1024x188.jpg\" alt=\"\" class=\"wp-image-240\" srcset=\"https:\/\/www.anastasiakuzmina.com\/wp-content\/uploads\/2020\/09\/FischerLogo-e1602328946311-1024x188.jpg 1024w, https:\/\/www.anastasiakuzmina.com\/wp-content\/uploads\/2020\/09\/FischerLogo-e1602328946311-300x55.jpg 300w, https:\/\/www.anastasiakuzmina.com\/wp-content\/uploads\/2020\/09\/FischerLogo-e1602328946311-768x141.jpg 768w, https:\/\/www.anastasiakuzmina.com\/wp-content\/uploads\/2020\/09\/FischerLogo-e1602328946311-1536x282.jpg 1536w, https:\/\/www.anastasiakuzmina.com\/wp-content\/uploads\/2020\/09\/FischerLogo-e1602328946311-1600x293.jpg 1600w, https:\/\/www.anastasiakuzmina.com\/wp-content\/uploads\/2020\/09\/FischerLogo-e1602328946311.jpg 1761w\" sizes=\"(max-width: 1024px) 100vw, 1024px\" \/><\/figure><div class=\"wp-block-media-text__content\">\n<p class=\"has-normal-font-size\">Fischer Sports GmbH&nbsp;<br><strong><a href=\"https:\/\/www.fischersports.com\">https:\/\/www.fischersports.com<\/a><\/strong><\/p>\n<\/div><\/div>\n\n\n\n<hr class=\"wp-block-separator has-text-color has-background is-style-wide\" style=\"background-color:#212121;color:#212121\"\/>\n\n\n\n<div class=\"wp-block-media-text alignwide is-vertically-aligned-center\" style=\"grid-template-columns:15% auto\"><figure class=\"wp-block-media-text__media\"><img loading=\"lazy\" width=\"600\" height=\"316\" src=\"http:\/\/www.anastasiakuzmina.com\/wp-content\/uploads\/2020\/09\/ezgif.com-webp-to-png.png\" alt=\"\" class=\"wp-image-245\" srcset=\"https:\/\/www.anastasiakuzmina.com\/wp-content\/uploads\/2020\/09\/ezgif.com-webp-to-png.png 600w, https:\/\/www.anastasiakuzmina.com\/wp-content\/uploads\/2020\/09\/ezgif.com-webp-to-png-300x158.png 300w\" sizes=\"(max-width: 600px) 100vw, 600px\" \/><\/figure><div class=\"wp-block-media-text__content\">\n<p class=\"has-normal-font-size\">Slovensk\u00fd olympijsk\u00fd a \u0161portov\u00fd v\u00fdbor<br><strong><a href=\"https:\/\/www.fischersports.com\">https:\/\/www.olympic.sk<\/a><\/strong><\/p>\n<\/div><\/div>\n\n\n\n<hr class=\"wp-block-separator has-text-color has-background is-style-wide\" style=\"background-color:#212121;color:#212121\"\/>\n\n\n\n<div class=\"wp-block-media-text alignwide is-vertically-aligned-center\" style=\"grid-template-columns:15% auto\"><figure class=\"wp-block-media-text__media\"><img loading=\"lazy\" width=\"400\" height=\"120\" src=\"http:\/\/www.anastasiakuzmina.com\/wp-content\/uploads\/2020\/09\/twd-sk-logo-web2.png\" alt=\"\" class=\"wp-image-133\" srcset=\"https:\/\/www.anastasiakuzmina.com\/wp-content\/uploads\/2020\/09\/twd-sk-logo-web2.png 400w, https:\/\/www.anastasiakuzmina.com\/wp-content\/uploads\/2020\/09\/twd-sk-logo-web2-300x90.png 300w\" sizes=\"(max-width: 400px) 100vw, 400px\" \/><\/figure><div class=\"wp-block-media-text__content\">\n<p class=\"has-normal-font-size\">twd SK, s.r.o.<br><strong><a href=\"http:\/\/www.kovallawyers.sk\">https:\/\/www.twd.sk<\/a><\/strong><\/p>\n<\/div><\/div>\n\n\n\n<hr class=\"wp-block-separator has-text-color has-background is-style-wide\" style=\"background-color:#212121;color:#212121\"\/>\n\n\n\n<div class=\"wp-block-media-text alignwide is-vertically-aligned-center\" style=\"grid-template-columns:15% auto\"><figure class=\"wp-block-media-text__media\"><img loading=\"lazy\" width=\"1024\" height=\"276\" src=\"http:\/\/www.anastasiakuzmina.com\/wp-content\/uploads\/2020\/09\/Garmin_logo.svg_-e1602328888802-1024x276.png\" alt=\"\" class=\"wp-image-142\" srcset=\"https:\/\/www.anastasiakuzmina.com\/wp-content\/uploads\/2020\/09\/Garmin_logo.svg_-e1602328888802-1024x276.png 1024w, https:\/\/www.anastasiakuzmina.com\/wp-content\/uploads\/2020\/09\/Garmin_logo.svg_-e1602328888802-300x81.png 300w, https:\/\/www.anastasiakuzmina.com\/wp-content\/uploads\/2020\/09\/Garmin_logo.svg_-e1602328888802-768x207.png 768w, https:\/\/www.anastasiakuzmina.com\/wp-content\/uploads\/2020\/09\/Garmin_logo.svg_-e1602328888802.png 1280w\" sizes=\"(max-width: 1024px) 100vw, 1024px\" \/><\/figure><div class=\"wp-block-media-text__content\">\n<p class=\"has-normal-font-size\">GARMIN<br><strong><a href=\"https:\/\/www.bikepro.sk\">https:\/\/www.garmin.com<\/a><\/strong><\/p>\n<\/div><\/div>\n\n\n\n<hr class=\"wp-block-separator has-text-color has-background is-style-wide\" style=\"background-color:#212121;color:#212121\"\/>\n\n\n\n<div class=\"wp-block-media-text alignwide is-vertically-aligned-center\" style=\"grid-template-columns:15% auto\"><figure class=\"wp-block-media-text__media\"><img loading=\"lazy\" width=\"388\" height=\"153\" src=\"http:\/\/www.anastasiakuzmina.com\/wp-content\/uploads\/2020\/09\/kinetixx-logo.png\" alt=\"\" class=\"wp-image-144\" srcset=\"https:\/\/www.anastasiakuzmina.com\/wp-content\/uploads\/2020\/09\/kinetixx-logo.png 388w, https:\/\/www.anastasiakuzmina.com\/wp-content\/uploads\/2020\/09\/kinetixx-logo-300x118.png 300w\" sizes=\"(max-width: 388px) 100vw, 388px\" \/><\/figure><div class=\"wp-block-media-text__content\">\n<p class=\"has-normal-font-size\">KINETIXX<br><strong><a href=\"https:\/\/www.bikepro.sk\">https:\/\/www.kinetixx.de<\/a><\/strong><\/p>\n<\/div><\/div>\n\n\n\n<hr class=\"wp-block-separator has-text-color has-background is-style-wide\" style=\"background-color:#212121;color:#212121\"\/>\n\n\n\n<div class=\"wp-block-media-text alignwide is-vertically-aligned-center\" style=\"grid-template-columns:15% auto\"><figure class=\"wp-block-media-text__media\"><img loading=\"lazy\" width=\"345\" height=\"51\" src=\"http:\/\/www.anastasiakuzmina.com\/wp-content\/uploads\/2020\/09\/7B0F949C-6E9B-4CC2-8665-651AA53CBD14-KOVAL-a-BIKEPRO-1.png\" alt=\"\" class=\"wp-image-223\" srcset=\"https:\/\/www.anastasiakuzmina.com\/wp-content\/uploads\/2020\/09\/7B0F949C-6E9B-4CC2-8665-651AA53CBD14-KOVAL-a-BIKEPRO-1.png 345w, https:\/\/www.anastasiakuzmina.com\/wp-content\/uploads\/2020\/09\/7B0F949C-6E9B-4CC2-8665-651AA53CBD14-KOVAL-a-BIKEPRO-1-300x44.png 300w\" sizes=\"(max-width: 345px) 100vw, 345px\" \/><\/figure><div class=\"wp-block-media-text__content\">\n<p class=\"has-normal-font-size\">KOVAL &amp; spol., advok\u00e1tska kancel\u00e1ria, s.r.o.<br><a href=\"http:\/\/www.kovallawyers.sk\/\">http:\/\/www.kovallawyers.sk<\/a><\/p>\n<\/div><\/div>\n\n\n\n<hr class=\"wp-block-separator has-text-color has-background is-style-wide\" style=\"background-color:#212121;color:#212121\"\/>\n\n\n\n<div class=\"wp-block-media-text alignwide is-vertically-aligned-center\" style=\"grid-template-columns:15% auto\"><figure class=\"wp-block-media-text__media\"><img loading=\"lazy\" width=\"399\" height=\"123\" src=\"http:\/\/www.anastasiakuzmina.com\/wp-content\/uploads\/2020\/09\/3333.png\" alt=\"\" class=\"wp-image-231\" srcset=\"https:\/\/www.anastasiakuzmina.com\/wp-content\/uploads\/2020\/09\/3333.png 399w, https:\/\/www.anastasiakuzmina.com\/wp-content\/uploads\/2020\/09\/3333-300x92.png 300w\" sizes=\"(max-width: 399px) 100vw, 399px\" \/><\/figure><div class=\"wp-block-media-text__content\">\n<p class=\"has-normal-font-size\"><strong>LPT EU s.r.o.<\/strong> &#8211; Mrazom su\u0161en\u00e9 ovocie<br><strong><a href=\"https:\/\/brixproducts.com\">https:\/\/brixproducts.com<\/a><\/strong><\/p>\n<\/div><\/div>\n\n\n\n<hr class=\"wp-block-separator has-text-color has-background is-style-wide\" style=\"background-color:#212121;color:#212121\"\/>\n\n\n\n<div class=\"wp-block-media-text alignwide is-vertically-aligned-center\" style=\"grid-template-columns:15% auto\"><figure class=\"wp-block-media-text__media\"><img loading=\"lazy\" width=\"169\" height=\"57\" src=\"http:\/\/www.anastasiakuzmina.com\/wp-content\/uploads\/2021\/05\/Opera-Snimka-obrazovky_2021-05-06_110550_www.evileye.com_.png\" alt=\"\" class=\"wp-image-599\"\/><\/figure><div class=\"wp-block-media-text__content\">\n<p class=\"has-normal-font-size\"><strong>EVIL eye<\/strong><br><strong><a href=\"https:\/\/www.evileye.com\">https:\/\/www.evileye.com<\/a><\/strong><\/p>\n<\/div><\/div>\n\n\n\n<hr class=\"wp-block-separator has-text-color has-background is-style-wide\" style=\"background-color:#212121;color:#212121\"\/>\n\n\n\n<div class=\"wp-block-media-text alignwide is-vertically-aligned-center\" style=\"grid-template-columns:15% auto\"><figure class=\"wp-block-media-text__media\"><img loading=\"lazy\" width=\"720\" height=\"720\" src=\"http:\/\/www.anastasiakuzmina.com\/wp-content\/uploads\/2023\/11\/4d5635164c36c50f1ff14d8b8395a01b-orin.png\" alt=\"\" class=\"wp-image-619\" srcset=\"https:\/\/www.anastasiakuzmina.com\/wp-content\/uploads\/2023\/11\/4d5635164c36c50f1ff14d8b8395a01b-orin.png 720w, https:\/\/www.anastasiakuzmina.com\/wp-content\/uploads\/2023\/11\/4d5635164c36c50f1ff14d8b8395a01b-orin-300x300.png 300w, https:\/\/www.anastasiakuzmina.com\/wp-content\/uploads\/2023\/11\/4d5635164c36c50f1ff14d8b8395a01b-orin-150x150.png 150w\" sizes=\"(max-width: 720px) 100vw, 720px\" \/><\/figure><div class=\"wp-block-media-text__content\">\n<p class=\"has-normal-font-size\"><strong>Orin<\/strong><br><strong><a href=\"https:\/\/www.orin.sk\">https:\/\/www.orin.sk<\/a><\/strong><\/p>\n<\/div><\/div>\n\n\n\n<p><\/p>\n","protected":false},"excerpt":{"rendered":"<p>VERMONT \u2013 z\u00e1stupce pr\u00e9miov\u00fdch m\u00f3dn\u00edch zna\u010dek na \u010desk\u00e9m, slovensk\u00e9m a ma\u010farsk\u00e9m trhu.https:\/\/www.vermont.czhttps:\/\/www.gant.cz Viessmann Group medzin\u00e1rodn\u00fd v\u00fdrobca vykurovac\u00edch, priemyseln\u00fdch a chladiacich&hellip;<\/p>\n","protected":false},"author":1,"featured_media":0,"parent":0,"menu_order":0,"comment_status":"closed","ping_status":"closed","template":"","meta":[],"_links":{"self":[{"href":"https:\/\/www.anastasiakuzmina.com\/index.php?rest_route=\/wp\/v2\/pages\/34"}],"collection":[{"href":"https:\/\/www.anastasiakuzmina.com\/index.php?rest_route=\/wp\/v2\/pages"}],"about":[{"href":"https:\/\/www.anastasiakuzmina.com\/index.php?rest_route=\/wp\/v2\/types\/page"}],"author":[{"embeddable":true,"href":"https:\/\/www.anastasiakuzmina.com\/index.php?rest_route=\/wp\/v2\/users\/1"}],"replies":[{"embeddable":true,"href":"https:\/\/www.anastasiakuzmina.com\/index.php?rest_route=%2Fwp%2Fv2%2Fcomments&post=34"}],"version-history":[{"count":105,"href":"https:\/\/www.anastasiakuzmina.com\/index.php?rest_route=\/wp\/v2\/pages\/34\/revisions"}],"predecessor-version":[{"id":647,"href":"https:\/\/www.anastasiakuzmina.com\/index.php?rest_route=\/wp\/v2\/pages\/34\/revisions\/647"}],"wp:attachment":[{"href":"https:\/\/www.anastasiakuzmina.com\/index.php?rest_route=%2Fwp%2Fv2%2Fmedia&parent=34"}],"curies":[{"name":"wp","href":"https:\/\/api.w.org\/{rel}","templated":true}]}}