{"id":517,"date":"2020-10-12T14:56:17","date_gmt":"2020-10-12T12:56:17","guid":{"rendered":"http:\/\/www.anastasiakuzmina.com\/?page_id=517"},"modified":"2020-10-12T17:58:31","modified_gmt":"2020-10-12T15:58:31","slug":"kontakt","status":"publish","type":"page","link":"https:\/\/www.anastasiakuzmina.com\/?page_id=517","title":{"rendered":"Kontakt"},"content":{"rendered":"\n<figure class=\"wp-block-pullquote\"><blockquote><p>Kuzmina Team<br>Nad pl\u00e1\u017eou 8<br>974 01 Bansk\u00e1 Bystrica<br>I\u010cO: 53154011<br>Bankov\u00e9 spojenie: Tatra Banka, a.s.<br>SWIFT: TATRSKBX<br>\u010c\u00edslo \u00fa\u010dtu: SK42 1100 0000 0029 4408 8264<br>e-mail: biathlon.svk@gmail.com<\/p><p><\/p><\/blockquote><\/figure>\n","protected":false},"excerpt":{"rendered":"<p>Kuzmina TeamNad pl\u00e1\u017eou 8974 01 Bansk\u00e1 BystricaI\u010cO: 53154011Bankov\u00e9 spojenie: Tatra Banka, a.s.SWIFT: TATRSKBX\u010c\u00edslo \u00fa\u010dtu: SK42 1100 0000 0029 4408 8264e-mail:&hellip;<\/p>\n","protected":false},"author":1,"featured_media":0,"parent":0,"menu_order":0,"comment_status":"closed","ping_status":"closed","template":"","meta":[],"_links":{"self":[{"href":"https:\/\/www.anastasiakuzmina.com\/index.php?rest_route=\/wp\/v2\/pages\/517"}],"collection":[{"href":"https:\/\/www.anastasiakuzmina.com\/index.php?rest_route=\/wp\/v2\/pages"}],"about":[{"href":"https:\/\/www.anastasiakuzmina.com\/index.php?rest_route=\/wp\/v2\/types\/page"}],"author":[{"embeddable":true,"href":"https:\/\/www.anastasiakuzmina.com\/index.php?rest_route=\/wp\/v2\/users\/1"}],"replies":[{"embeddable":true,"href":"https:\/\/www.anastasiakuzmina.com\/index.php?rest_route=%2Fwp%2Fv2%2Fcomments&post=517"}],"version-history":[{"count":9,"href":"https:\/\/www.anastasiakuzmina.com\/index.php?rest_route=\/wp\/v2\/pages\/517\/revisions"}],"predecessor-version":[{"id":555,"href":"https:\/\/www.anastasiakuzmina.com\/index.php?rest_route=\/wp\/v2\/pages\/517\/revisions\/555"}],"wp:attachment":[{"href":"https:\/\/www.anastasiakuzmina.com\/index.php?rest_route=%2Fwp%2Fv2%2Fmedia&parent=517"}],"curies":[{"name":"wp","href":"https:\/\/api.w.org\/{rel}","templated":true}]}}